{"id":2,"date":"2012-12-04T04:03:50","date_gmt":"2012-12-04T04:03:50","guid":{"rendered":"http:\/\/mamo.art.pl\/?page_id=2"},"modified":"2019-12-05T22:18:40","modified_gmt":"2019-12-05T21:18:40","slug":"informacje","status":"publish","type":"page","link":"https:\/\/mamo.art.pl\/","title":{"rendered":"Marzanna Morozewicz"},"content":{"rendered":"<h2>MARZANNA MOROZEWICZ<\/h2>\n<p style=\"text-align: left;\">Urodzona 21 kwietnia 1965 roku w Bia\u0142ymstoku.<br \/>\nW latach 1984-1989 studiowa\u0142a w Instytucie Wychowania Artystycznego<br \/>\nna Uniwersytecie Marii Curie-Sk\u0142odowskiej w Lublinie.<br \/>\nW 1998 roku obroni\u0142a doktorat, a w roku 2007 habilitacj\u0119 na Wydziale Malarstwa Akademii Sztuk Pi\u0119knych w Warszawie.<br \/>\nW 2000 roku studiowa\u0142a arteterapi\u0119 w Polskim Instytucie Ericksonowskim w \u0141odzi.<br \/>\nObecnie pracuje na Uniwersytecie w Bia\u0142ymstoku.<\/p>\n<p style=\"text-align: left;\"><a href=\"http:\/\/mamo.art.pl\/wp-content\/uploads\/2013\/01\/CV_FOTO.jpg\"><img loading=\"lazy\" class=\"aligncenter size-full wp-image-296\" src=\"http:\/\/mamo.art.pl\/wp-content\/uploads\/2013\/01\/CV_FOTO.jpg\" alt=\"CV_FOTO\" width=\"540\" height=\"200\" srcset=\"https:\/\/mamo.art.pl\/wp-content\/uploads\/2013\/01\/CV_FOTO.jpg 540w, https:\/\/mamo.art.pl\/wp-content\/uploads\/2013\/01\/CV_FOTO-300x111.jpg 300w\" sizes=\"(max-width: 540px) 100vw, 540px\" \/><\/a><\/p>\n<p style=\"text-align: left;\">Born 21.04.1965 Bialystok\/Poland.<br \/>\nStudied at the Institute of Artistic Education, Maria Curie-Sklodowska University, Lublin (1984-1989).<br \/>\nDoctorate at Painting \u2013 Academy of Fine Arts in Warsaw (1998).<br \/>\nStudies of art \u2013 therapy in Polish Erickson Institute in Lodz (2000).<br \/>\nPresently, works at the Bialystok University.<br \/>\nLives and works in Bialystok\/Poland.<\/p>\n","protected":false},"excerpt":{"rendered":"<p>MARZANNA MOROZEWICZ Urodzona 21 kwietnia 1965 roku w Bia\u0142ymstoku. W latach 1984-1989 studiowa\u0142a w Instytucie Wychowania Artystycznego na Uniwersytecie Marii Curie-Sk\u0142odowskiej w Lublinie. W 1998 roku obroni\u0142a doktorat, a w roku 2007 habilitacj\u0119 na Wydziale Malarstwa Akademii Sztuk Pi\u0119knych w Warszawie. W 2000 roku studiowa\u0142a arteterapi\u0119 w Polskim Instytucie Ericksonowskim w \u0141odzi. Obecnie pracuje na [&hellip;]<\/p>\n","protected":false},"author":1,"featured_media":0,"parent":0,"menu_order":0,"comment_status":"open","ping_status":"open","template":"","meta":[],"_links":{"self":[{"href":"https:\/\/mamo.art.pl\/index.php?rest_route=\/wp\/v2\/pages\/2"}],"collection":[{"href":"https:\/\/mamo.art.pl\/index.php?rest_route=\/wp\/v2\/pages"}],"about":[{"href":"https:\/\/mamo.art.pl\/index.php?rest_route=\/wp\/v2\/types\/page"}],"author":[{"embeddable":true,"href":"https:\/\/mamo.art.pl\/index.php?rest_route=\/wp\/v2\/users\/1"}],"replies":[{"embeddable":true,"href":"https:\/\/mamo.art.pl\/index.php?rest_route=%2Fwp%2Fv2%2Fcomments&post=2"}],"version-history":[{"count":26,"href":"https:\/\/mamo.art.pl\/index.php?rest_route=\/wp\/v2\/pages\/2\/revisions"}],"predecessor-version":[{"id":988,"href":"https:\/\/mamo.art.pl\/index.php?rest_route=\/wp\/v2\/pages\/2\/revisions\/988"}],"wp:attachment":[{"href":"https:\/\/mamo.art.pl\/index.php?rest_route=%2Fwp%2Fv2%2Fmedia&parent=2"}],"curies":[{"name":"wp","href":"https:\/\/api.w.org\/{rel}","templated":true}]}}